{"id":2,"date":"2024-06-20T14:36:17","date_gmt":"2024-06-20T14:36:17","guid":{"rendered":"https:\/\/djengiscon.dk\/?page_id=2"},"modified":"2024-06-23T20:13:36","modified_gmt":"2024-06-23T20:13:36","slug":"sample-page","status":"publish","type":"page","link":"https:\/\/djengiscon.dk\/?page_id=2","title":{"rendered":"Lidt om hvem vi er"},"content":{"rendered":"\n<p>Vi er Eva og Brian, og vi har v\u00e6ret f\u00f8rst k\u00e6rester og siden gift i rigtig mange \u00e5r. En af de ting der altid har drevet os har v\u00e6ret en, m\u00e5ske utopisk, tro p\u00e5 at k\u00e6rlighed, kram og smil l\u00f8ser alt. <br><br>Vi er s\u00e5 heldige at vi er i en situation der giver os overskuddet til at give og dele dette med alle mennesker, og det betyder rigtig meget for os. <br><\/p>\n\n\n\n<p>Hvad vi bruger vores tid p\u00e5 kan du l\u00e6se lidt mere om her.<\/p>\n\n\n\n<blockquote class=\"wp-block-quote is-layout-flow wp-block-quote-is-layout-flow\">\n<p>Eva arbejder hver eneste dag med sine heste i sit eget firma. Hun har dedikeret sit arbejdsliv til at hj\u00e6lpe is\u00e6r b\u00f8rn der har det sv\u00e6rt. Det kan v\u00e6re alt fra en h\u00e5rd skilsmisse, spisev\u00e6rgring, sv\u00e6r tid i skolen eller andre ting der p\u00e5virker b\u00f8rn negativt. Hendes oplevelse er at der sker noget magisk med b\u00f8rn omkring dyr. <\/p>\n<cite>&#8220;Jeg elsker heste og vil gerne dele med b\u00f8rn. Det g\u00f8r jeg fordi jeg ved hvor stor betydning heste har for b\u00f8rn, da jeg ikke selv som barn havde adgang til dem og k\u00f8rte rundt til alle g\u00e5rdene i omr\u00e5det for bare at f\u00e5 lov til at klappe dem&#8221;. <\/cite><\/blockquote>\n\n\n\n<blockquote class=\"wp-block-quote is-layout-flow wp-block-quote-is-layout-flow\">\n<p>Brian har altid haft en enorm interesse i br\u00e6tspil, og for mange \u00e5r siden opdagede han at folk altid var glade omkring br\u00e6tspil. Det har han brugt bl.a. som frivillig hos Red Barnet og Kr\u00e6ftens Bek\u00e6mpelse. I dag har han hver m\u00e5ned en event hvor ensomme unge kan komme og spille br\u00e6tspil, m\u00f8de nye mennesker. <\/p>\n<cite>&#8220;Ensomhed er en d\u00f8delig sygdom tror jeg, og jeg tror p\u00e5 at hvis vi bare deler lidt af os selv med mennesker der ikke har samme muligheder s\u00e5 spreder vi en masse gl\u00e6de. Det er dog ikke det eneste, for vi m\u00f8der ogs\u00e5 en masse sp\u00e6ndende mennesker der giver mindst lige s\u00e5 meget igen&#8221;.<\/cite><\/blockquote>\n","protected":false},"excerpt":{"rendered":"<p>Vi er Eva og Brian, og vi har v\u00e6ret f\u00f8rst k\u00e6rester og siden gift i rigtig mange \u00e5r. En af de ting der altid har drevet os har v\u00e6ret en, m\u00e5ske utopisk, tro p\u00e5 at k\u00e6rlighed, kram og smil l\u00f8ser alt. Vi er s\u00e5 heldige at vi er i en situation der giver os overskuddet [&hellip;]<\/p>\n","protected":false},"author":1,"featured_media":0,"parent":0,"menu_order":0,"comment_status":"closed","ping_status":"open","template":"","meta":{"footnotes":""},"class_list":["post-2","page","type-page","status-publish","hentry"],"_links":{"self":[{"href":"https:\/\/djengiscon.dk\/index.php?rest_route=\/wp\/v2\/pages\/2","targetHints":{"allow":["GET"]}}],"collection":[{"href":"https:\/\/djengiscon.dk\/index.php?rest_route=\/wp\/v2\/pages"}],"about":[{"href":"https:\/\/djengiscon.dk\/index.php?rest_route=\/wp\/v2\/types\/page"}],"author":[{"embeddable":true,"href":"https:\/\/djengiscon.dk\/index.php?rest_route=\/wp\/v2\/users\/1"}],"replies":[{"embeddable":true,"href":"https:\/\/djengiscon.dk\/index.php?rest_route=%2Fwp%2Fv2%2Fcomments&post=2"}],"version-history":[{"count":3,"href":"https:\/\/djengiscon.dk\/index.php?rest_route=\/wp\/v2\/pages\/2\/revisions"}],"predecessor-version":[{"id":45,"href":"https:\/\/djengiscon.dk\/index.php?rest_route=\/wp\/v2\/pages\/2\/revisions\/45"}],"wp:attachment":[{"href":"https:\/\/djengiscon.dk\/index.php?rest_route=%2Fwp%2Fv2%2Fmedia&parent=2"}],"curies":[{"name":"wp","href":"https:\/\/api.w.org\/{rel}","templated":true}]}}